{"id":87493,"date":"2023-08-01T07:56:41","date_gmt":"2023-08-01T07:56:41","guid":{"rendered":"https:\/\/dermalaserzentrum.de\/?page_id=87493"},"modified":"2023-12-08T13:39:06","modified_gmt":"2023-12-08T13:39:06","slug":"impressum-legal-notice","status":"publish","type":"page","link":"https:\/\/dermalaserzentrum.de\/en\/impressum-legal-notice","title":{"rendered":"Impressum \u2013 Legal Notice"},"content":{"rendered":"\t\t<div data-elementor-type=\"wp-page\" data-elementor-id=\"87493\" class=\"elementor elementor-87493\">\n\t\t\t\t\t\t\t\t\t<section class=\"elementor-section elementor-top-section elementor-element elementor-element-daebdef elementor-section-boxed elementor-section-height-default elementor-section-height-default\" data-id=\"daebdef\" data-element_type=\"section\">\n\t\t\t\t\t\t<div class=\"elementor-container elementor-column-gap-default\">\n\t\t\t\t\t<div class=\"elementor-column elementor-col-100 elementor-top-column elementor-element elementor-element-7421e3c\" data-id=\"7421e3c\" data-element_type=\"column\">\n\t\t\t<div class=\"elementor-widget-wrap elementor-element-populated\">\n\t\t\t\t\t\t\t\t<div class=\"elementor-element elementor-element-36ff9f2 elementor-widget elementor-widget-text-editor\" data-id=\"36ff9f2\" data-element_type=\"widget\" data-widget_type=\"text-editor.default\">\n\t\t\t\t<div class=\"elementor-widget-container\">\n\t\t\t\t\t\t\t<p><strong>Impressum<\/strong><br \/><br \/>Dermatologie und Laserzentrum<br \/>Dr. med. Timon Ferro<br \/>Clayallee 177, 14195 Berlin<br \/>Tel.: +49 30 80906801<br \/>E-Mail: info@dermalaserzentrum.de<br \/>Web: Dermatologie-Laserzentrum.de<br \/><br \/>Mitglied der \u00c4rztekammer Berlin<br \/>(Nr.: 123456)?<br \/>KVNr.: 12345678?<br \/><br \/>Zust\u00e4ndige Aufsichtsbeh\u00f6rde<br \/>Landesamt f\u00fcr Gesundheit und Soziales Berlin<br \/>S\u00e4chsische Stra\u00dfe 28, 10707 Berlin<br \/><br \/>Zust\u00e4ndige Kammer<br \/>\u00c4rztekammer Berlin<br \/>Friedrichstra\u00dfe 16, 10969 Berlin<br \/><br \/>Zust\u00e4ndige Kassen\u00e4rztliche Vereinigung<br \/>KV Berlin<br \/>Masurenallee 6A, 14057 Berlin<br \/><br \/>Gesetzliche Berufsbezeichnung<br \/>Facharzt f\u00fcr Dermatologie<br \/>(Titel verliehen in der Bundesrepublik Deutschland)Berufsrechtliche Regelungen<br \/><br \/>\u2022 Berufsordnung der \u00c4rztekammer Berlin vom 1.7.1998.<br \/><br \/>\u2022 Berufsordnung finden Sie unter\u00a0<a href=\"http:\/\/www.aerztekammer-berlin.de\/\">www.aerztekammer-berlin.de<\/a><\/p><p><br \/>Inhaltlich Verantwortlicher gem\u00e4\u00df \u00a7 55 Abs. 2 RStV:<br \/>Dr. med Timon Ferro (Anschrift wie oben)<br \/><br \/>Haftung und Inhalte<br \/>Die Inhalte unserer Homepage wurden mit gr\u00f6\u00dfter Sorgfalt erstellt. dennoch k\u00f6nnen wir f\u00fcr die Richtigkeit,<br \/>Vollst\u00e4ndigkeit und Aktualit\u00e4t der Inhalte keine Gew\u00e4hr \u00fcbernehmen.<\/p>\t\t\t\t\t\t<\/div>\n\t\t\t\t<\/div>\n\t\t\t\t\t<\/div>\n\t\t<\/div>\n\t\t\t\t\t\t\t<\/div>\n\t\t<\/section>\n\t\t\t\t\t\t\t<\/div>\n\t\t","protected":false},"excerpt":{"rendered":"<p>Impressum Dermatologie und LaserzentrumDr. med. Timon FerroClayallee 177, 14195 BerlinTel.: +49 30 80906801E-Mail: info@dermalaserzentrum.deWeb: Dermatologie-Laserzentrum.de Mitglied der \u00c4rztekammer Berlin(Nr.: 123456)?KVNr.: 12345678? Zust\u00e4ndige Aufsichtsbeh\u00f6rdeLandesamt f\u00fcr Gesundheit und Soziales BerlinS\u00e4chsische Stra\u00dfe 28, 10707 Berlin Zust\u00e4ndige Kammer\u00c4rztekammer BerlinFriedrichstra\u00dfe 16, 10969 Berlin Zust\u00e4ndige Kassen\u00e4rztliche VereinigungKV BerlinMasurenallee 6A, 14057 Berlin Gesetzliche BerufsbezeichnungFacharzt f\u00fcr Dermatologie(Titel verliehen in der Bundesrepublik Deutschland)Berufsrechtliche Regelungen&hellip;<\/p>\n","protected":false},"author":1,"featured_media":0,"parent":0,"menu_order":0,"comment_status":"closed","ping_status":"closed","template":"","meta":{"footnotes":""},"class_list":["post-87493","page","type-page","status-publish","hentry"],"yoast_head":"<!-- This site is optimized with the Yoast SEO plugin v21.8 - https:\/\/yoast.com\/wordpress\/plugins\/seo\/ -->\n<title>Impressum \u2013 Legal Notice &#8211; Dermalaserzentrum<\/title>\n<meta name=\"description\" content=\"Impressum \u2013 Legal Notice %\" \/>\n<meta name=\"robots\" content=\"index, follow, max-snippet:-1, max-image-preview:large, max-video-preview:-1\" \/>\n<link rel=\"canonical\" href=\"https:\/\/dermalaserzentrum.de\/en\/impressum-legal-notice\" \/>\n<meta property=\"og:locale\" content=\"en_US\" \/>\n<meta property=\"og:type\" content=\"article\" \/>\n<meta property=\"og:title\" content=\"Impressum \u2013 Legal Notice &#8211; Dermalaserzentrum\" \/>\n<meta property=\"og:description\" content=\"Impressum \u2013 Legal Notice %\" \/>\n<meta property=\"og:url\" content=\"https:\/\/dermalaserzentrum.de\/en\/impressum-legal-notice\" \/>\n<meta property=\"og:site_name\" content=\"Dermalaserzentrum\" \/>\n<meta property=\"article:modified_time\" content=\"2023-12-08T13:39:06+00:00\" \/>\n<meta property=\"og:image\" content=\"\/\/cdn.optipic.io\/site-105536\/wp-content\/uploads\/2024\/01\/Dr_Ferro_Zugeschnitten-scaled.jpg\" \/>\n\t<meta property=\"og:image:width\" content=\"2560\" \/>\n\t<meta property=\"og:image:height\" content=\"1214\" \/>\n\t<meta property=\"og:image:type\" content=\"image\/jpeg\" \/>\n<meta name=\"twitter:card\" content=\"summary_large_image\" \/>\n<meta name=\"twitter:label1\" content=\"Est. reading time\" \/>\n\t<meta name=\"twitter:data1\" content=\"1 minute\" \/>\n<script type=\"application\/ld+json\" class=\"yoast-schema-graph\">{\"@context\":\"https:\/\/schema.org\",\"@graph\":[{\"@type\":\"WebPage\",\"@id\":\"https:\/\/dermalaserzentrum.de\/en\/impressum-legal-notice\",\"url\":\"https:\/\/dermalaserzentrum.de\/en\/impressum-legal-notice\",\"name\":\"Impressum \u2013 Legal Notice &#8211; Dermalaserzentrum\",\"isPartOf\":{\"@id\":\"https:\/\/dermalaserzentrum.de\/#website\"},\"datePublished\":\"2023-08-01T07:56:41+00:00\",\"dateModified\":\"2023-12-08T13:39:06+00:00\",\"description\":\"Impressum \u2013 Legal Notice %\",\"breadcrumb\":{\"@id\":\"https:\/\/dermalaserzentrum.de\/en\/impressum-legal-notice#breadcrumb\"},\"inLanguage\":\"en-US\",\"potentialAction\":[{\"@type\":\"ReadAction\",\"target\":[\"https:\/\/dermalaserzentrum.de\/en\/impressum-legal-notice\"]}]},{\"@type\":\"BreadcrumbList\",\"@id\":\"https:\/\/dermalaserzentrum.de\/en\/impressum-legal-notice#breadcrumb\",\"itemListElement\":[{\"@type\":\"ListItem\",\"position\":1,\"name\":\"Startseite\",\"item\":\"https:\/\/dermalaserzentrum.de\/en\/home\"},{\"@type\":\"ListItem\",\"position\":2,\"name\":\"Impressum \u2013 Legal Notice\"}]},{\"@type\":\"WebSite\",\"@id\":\"https:\/\/dermalaserzentrum.de\/#website\",\"url\":\"https:\/\/dermalaserzentrum.de\/\",\"name\":\"Dermatologie & Laerzentrum Dr. Ferro\",\"description\":\"Hautarzt in Berlin Zehlendorf\",\"publisher\":{\"@id\":\"https:\/\/dermalaserzentrum.de\/#organization\"},\"alternateName\":\"Dermatologie in Berlin Dahlem\",\"potentialAction\":[{\"@type\":\"SearchAction\",\"target\":{\"@type\":\"EntryPoint\",\"urlTemplate\":\"https:\/\/dermalaserzentrum.de\/?s={search_term_string}\"},\"query-input\":\"required name=search_term_string\"}],\"inLanguage\":\"en-US\"},{\"@type\":\"Organization\",\"@id\":\"https:\/\/dermalaserzentrum.de\/#organization\",\"name\":\"Dermatologie und Laserzentrum Dr. Ferro\",\"url\":\"https:\/\/dermalaserzentrum.de\/\",\"logo\":{\"@type\":\"ImageObject\",\"inLanguage\":\"en-US\",\"@id\":\"https:\/\/dermalaserzentrum.de\/#\/schema\/logo\/image\/\",\"url\":\"\/\/cdn.optipic.io\/site-105536\/wp-content\/uploads\/2024\/01\/Dr_Ferro_Zugeschnitten-scaled.jpg\",\"contentUrl\":\"\/\/cdn.optipic.io\/site-105536\/wp-content\/uploads\/2024\/01\/Dr_Ferro_Zugeschnitten-scaled.jpg\",\"width\":2560,\"height\":1214,\"caption\":\"Dermatologie und Laserzentrum Dr. Ferro\"},\"image\":{\"@id\":\"https:\/\/dermalaserzentrum.de\/#\/schema\/logo\/image\/\"},\"sameAs\":[\"https:\/\/www.instagram.com\/dermalaserzentrum_Ferro\"]}]}<\/script>\n<!-- \/ Yoast SEO plugin. -->","yoast_head_json":{"title":"Impressum \u2013 Legal Notice &#8211; Dermalaserzentrum","description":"Impressum \u2013 Legal Notice %","robots":{"index":"index","follow":"follow","max-snippet":"max-snippet:-1","max-image-preview":"max-image-preview:large","max-video-preview":"max-video-preview:-1"},"canonical":"https:\/\/dermalaserzentrum.de\/en\/impressum-legal-notice","og_locale":"en_US","og_type":"article","og_title":"Impressum \u2013 Legal Notice &#8211; Dermalaserzentrum","og_description":"Impressum \u2013 Legal Notice %","og_url":"https:\/\/dermalaserzentrum.de\/en\/impressum-legal-notice","og_site_name":"Dermalaserzentrum","article_modified_time":"2023-12-08T13:39:06+00:00","og_image":[{"width":2560,"height":1214,"url":"\/\/cdn.optipic.io\/site-105536\/wp-content\/uploads\/2024\/01\/Dr_Ferro_Zugeschnitten-scaled.jpg","type":"image\/jpeg"}],"twitter_card":"summary_large_image","twitter_misc":{"Est. reading time":"1 minute"},"schema":{"@context":"https:\/\/schema.org","@graph":[{"@type":"WebPage","@id":"https:\/\/dermalaserzentrum.de\/en\/impressum-legal-notice","url":"https:\/\/dermalaserzentrum.de\/en\/impressum-legal-notice","name":"Impressum \u2013 Legal Notice &#8211; Dermalaserzentrum","isPartOf":{"@id":"https:\/\/dermalaserzentrum.de\/#website"},"datePublished":"2023-08-01T07:56:41+00:00","dateModified":"2023-12-08T13:39:06+00:00","description":"Impressum \u2013 Legal Notice %","breadcrumb":{"@id":"https:\/\/dermalaserzentrum.de\/en\/impressum-legal-notice#breadcrumb"},"inLanguage":"en-US","potentialAction":[{"@type":"ReadAction","target":["https:\/\/dermalaserzentrum.de\/en\/impressum-legal-notice"]}]},{"@type":"BreadcrumbList","@id":"https:\/\/dermalaserzentrum.de\/en\/impressum-legal-notice#breadcrumb","itemListElement":[{"@type":"ListItem","position":1,"name":"Startseite","item":"https:\/\/dermalaserzentrum.de\/en\/home"},{"@type":"ListItem","position":2,"name":"Impressum \u2013 Legal Notice"}]},{"@type":"WebSite","@id":"https:\/\/dermalaserzentrum.de\/#website","url":"https:\/\/dermalaserzentrum.de\/","name":"Dermatologie & Laerzentrum Dr. Ferro","description":"Hautarzt in Berlin Zehlendorf","publisher":{"@id":"https:\/\/dermalaserzentrum.de\/#organization"},"alternateName":"Dermatologie in Berlin Dahlem","potentialAction":[{"@type":"SearchAction","target":{"@type":"EntryPoint","urlTemplate":"https:\/\/dermalaserzentrum.de\/?s={search_term_string}"},"query-input":"required name=search_term_string"}],"inLanguage":"en-US"},{"@type":"Organization","@id":"https:\/\/dermalaserzentrum.de\/#organization","name":"Dermatologie und Laserzentrum Dr. Ferro","url":"https:\/\/dermalaserzentrum.de\/","logo":{"@type":"ImageObject","inLanguage":"en-US","@id":"https:\/\/dermalaserzentrum.de\/#\/schema\/logo\/image\/","url":"\/\/cdn.optipic.io\/site-105536\/wp-content\/uploads\/2024\/01\/Dr_Ferro_Zugeschnitten-scaled.jpg","contentUrl":"\/\/cdn.optipic.io\/site-105536\/wp-content\/uploads\/2024\/01\/Dr_Ferro_Zugeschnitten-scaled.jpg","width":2560,"height":1214,"caption":"Dermatologie und Laserzentrum Dr. Ferro"},"image":{"@id":"https:\/\/dermalaserzentrum.de\/#\/schema\/logo\/image\/"},"sameAs":["https:\/\/www.instagram.com\/dermalaserzentrum_Ferro"]}]}},"_links":{"self":[{"href":"https:\/\/dermalaserzentrum.de\/en\/wp-json\/wp\/v2\/pages\/87493","targetHints":{"allow":["GET"]}}],"collection":[{"href":"https:\/\/dermalaserzentrum.de\/en\/wp-json\/wp\/v2\/pages"}],"about":[{"href":"https:\/\/dermalaserzentrum.de\/en\/wp-json\/wp\/v2\/types\/page"}],"author":[{"embeddable":true,"href":"https:\/\/dermalaserzentrum.de\/en\/wp-json\/wp\/v2\/users\/1"}],"replies":[{"embeddable":true,"href":"https:\/\/dermalaserzentrum.de\/en\/wp-json\/wp\/v2\/comments?post=87493"}],"version-history":[{"count":4,"href":"https:\/\/dermalaserzentrum.de\/en\/wp-json\/wp\/v2\/pages\/87493\/revisions"}],"predecessor-version":[{"id":90405,"href":"https:\/\/dermalaserzentrum.de\/en\/wp-json\/wp\/v2\/pages\/87493\/revisions\/90405"}],"wp:attachment":[{"href":"https:\/\/dermalaserzentrum.de\/en\/wp-json\/wp\/v2\/media?parent=87493"}],"curies":[{"name":"wp","href":"https:\/\/api.w.org\/{rel}","templated":true}]}}